{"id":243,"date":"2024-07-11T19:26:42","date_gmt":"2024-07-11T19:26:42","guid":{"rendered":"https:\/\/branker.co\/seleccioncreadores\/producto\/birdnest-japanese\/"},"modified":"2024-07-19T02:14:20","modified_gmt":"2024-07-19T02:14:20","slug":"carro-ford-seleccion","status":"publish","type":"product","link":"https:\/\/branker.co\/seleccioncreadores\/producto\/carro-ford-seleccion\/","title":{"rendered":"Carro Ford Selecci\u00f3n"},"content":{"rendered":"\t\t<div data-elementor-type=\"wp-post\" data-elementor-id=\"243\" class=\"elementor elementor-243\">\n\t\t\t\t<div class=\"elementor-element elementor-element-139d178 e-flex e-con-boxed e-con e-parent\" data-id=\"139d178\" data-element_type=\"container\">\n\t\t\t\t\t<div class=\"e-con-inner\">\n\t\t\t\t<div class=\"elementor-element elementor-element-aff370f elementor-widget elementor-widget-html\" data-id=\"aff370f\" data-element_type=\"widget\" data-widget_type=\"html.default\">\n\t\t\t\t<div class=\"elementor-widget-container\">\n\t\t\t<header class=\"menu\">\n        <nav class=\"menu-container\">\n            <a href=\"https:\/\/branker.co\/seleccioncreadores\/\" class=\"menu-link\">Inicio<\/a>\n            <a href=\"https:\/\/branker.co\/seleccioncreadores\/el-gran-juego\/\" class=\"menu-link\">El Gran Juego<\/a>\n            <a href=\"https:\/\/branker.co\/seleccioncreadores\/tienda\/\" class=\"menu-link\">Tienda<\/a>\n            <img decoding=\"async\" src=\"https:\/\/branker.co\/seleccioncreadores\/wp-content\/uploads\/2024\/07\/Logo-Seleccion-sin-Fondo.png\" alt=\"Logo\" class=\"menu-logo\">\n            <a href=\"https:\/\/branker.co\/seleccioncreadores\/about\/\" class=\"menu-link\">Nosotros<\/a>\n            <a href=\"https:\/\/branker.co\/seleccioncreadores\/equipo\/\" class=\"menu-link\">Equipo<\/a>\n            <a href=\"https:\/\/branker.co\/seleccioncreadores\/contact\/\" class=\"menu-link\">Contacto<\/a>\n        <\/nav>\n    <\/header>\t\t<\/div>\n\t\t\t\t<\/div>\n\t\t\t\t\t<\/div>\n\t\t\t\t<\/div>\n\t\t<div class=\"elementor-element elementor-element-241a869 e-flex e-con-boxed e-con e-parent\" data-id=\"241a869\" data-element_type=\"container\">\n\t\t\t\t\t<div class=\"e-con-inner\">\n\t\t\t\t<div class=\"elementor-element elementor-element-13d5c1e text-conten elementor-widget elementor-widget-heading\" data-id=\"13d5c1e\" data-element_type=\"widget\" data-widget_type=\"heading.default\">\n\t\t\t\t<div class=\"elementor-widget-container\">\n\t\t\t<style>\/*! elementor - v3.22.0 - 26-06-2024 *\/\n.elementor-heading-title{padding:0;margin:0;line-height:1}.elementor-widget-heading .elementor-heading-title[class*=elementor-size-]>a{color:inherit;font-size:inherit;line-height:inherit}.elementor-widget-heading .elementor-heading-title.elementor-size-small{font-size:15px}.elementor-widget-heading .elementor-heading-title.elementor-size-medium{font-size:19px}.elementor-widget-heading .elementor-heading-title.elementor-size-large{font-size:29px}.elementor-widget-heading .elementor-heading-title.elementor-size-xl{font-size:39px}.elementor-widget-heading .elementor-heading-title.elementor-size-xxl{font-size:59px}<\/style><span class=\"elementor-heading-title elementor-size-default\">El objetivo principal de El Gran Juego es fortalecer la econom\u00eda local de Villavicencio al atraer turistas y aficionados del deporte de todo el pa\u00eds y del extranjero. Al mismo tiempo, se fomenta un sentido de comunidad y orgullo entre los habitantes de la ciudad, celebrando sus tradiciones y su amor por el deporte.<\/span>\t\t<\/div>\n\t\t\t\t<\/div>\n\t\t\t\t\t<\/div>\n\t\t\t\t<\/div>\n\t\t\t\t<\/div>\n\t\t","protected":false},"excerpt":{"rendered":"<p>\u00a1Incorpora una joya exclusiva a tu colecci\u00f3n con el carro de colecci\u00f3n Ford, edici\u00f3n especial de la Selecci\u00f3n de Creadores de Colombia! Este modelo es un tributo a la dedicaci\u00f3n y el talento de nuestros creadores de contenido.<\/p>\n","protected":false},"featured_media":2007,"comment_status":"open","ping_status":"closed","template":"","meta":{"site-sidebar-layout":"default","site-content-layout":"content-boxed-container","ast-site-content-layout":"normal-width-container","site-content-style":"boxed","site-sidebar-style":"unboxed","ast-global-header-display":"","ast-banner-title-visibility":"","ast-main-header-display":"","ast-hfb-above-header-display":"","ast-hfb-below-header-display":"","ast-hfb-mobile-header-display":"","site-post-title":"","ast-breadcrumbs-content":"","ast-featured-img":"","footer-sml-layout":"","theme-transparent-header-meta":"default","adv-header-id-meta":"","stick-header-meta":"","header-above-stick-meta":"","header-main-stick-meta":"","header-below-stick-meta":"","astra-migrate-meta-layouts":"set","ast-page-background-enabled":"default","ast-page-background-meta":{"desktop":{"background-color":"var(--ast-global-color-4)","background-image":"","background-repeat":"repeat","background-position":"center center","background-size":"auto","background-attachment":"scroll","background-type":"","background-media":"","overlay-type":"","overlay-color":"","overlay-opacity":"","overlay-gradient":""},"tablet":{"background-color":"","background-image":"","background-repeat":"repeat","background-position":"center center","background-size":"auto","background-attachment":"scroll","background-type":"","background-media":"","overlay-type":"","overlay-color":"","overlay-opacity":"","overlay-gradient":""},"mobile":{"background-color":"","background-image":"","background-repeat":"repeat","background-position":"center center","background-size":"auto","background-attachment":"scroll","background-type":"","background-media":"","overlay-type":"","overlay-color":"","overlay-opacity":"","overlay-gradient":""}},"ast-content-background-meta":{"desktop":{"background-color":"var(--ast-global-color-5)","background-image":"","background-repeat":"repeat","background-position":"center center","background-size":"auto","background-attachment":"scroll","background-type":"","background-media":"","overlay-type":"","overlay-color":"","overlay-opacity":"","overlay-gradient":""},"tablet":{"background-color":"var(--ast-global-color-5)","background-image":"","background-repeat":"repeat","background-position":"center center","background-size":"auto","background-attachment":"scroll","background-type":"","background-media":"","overlay-type":"","overlay-color":"","overlay-opacity":"","overlay-gradient":""},"mobile":{"background-color":"var(--ast-global-color-5)","background-image":"","background-repeat":"repeat","background-position":"center center","background-size":"auto","background-attachment":"scroll","background-type":"","background-media":"","overlay-type":"","overlay-color":"","overlay-opacity":"","overlay-gradient":""}}},"product_cat":[40],"product_tag":[],"class_list":{"0":"post-243","1":"product","2":"type-product","3":"status-publish","4":"has-post-thumbnail","6":"product_cat-seleccion","7":"desktop-align-left","8":"tablet-align-left","9":"mobile-align-left","11":"first","12":"instock","13":"shipping-taxable","14":"purchasable","15":"product-type-simple"},"jetpack_sharing_enabled":true,"_links":{"self":[{"href":"https:\/\/branker.co\/seleccioncreadores\/wp-json\/wp\/v2\/product\/243","targetHints":{"allow":["GET"]}}],"collection":[{"href":"https:\/\/branker.co\/seleccioncreadores\/wp-json\/wp\/v2\/product"}],"about":[{"href":"https:\/\/branker.co\/seleccioncreadores\/wp-json\/wp\/v2\/types\/product"}],"replies":[{"embeddable":true,"href":"https:\/\/branker.co\/seleccioncreadores\/wp-json\/wp\/v2\/comments?post=243"}],"version-history":[{"count":7,"href":"https:\/\/branker.co\/seleccioncreadores\/wp-json\/wp\/v2\/product\/243\/revisions"}],"predecessor-version":[{"id":2008,"href":"https:\/\/branker.co\/seleccioncreadores\/wp-json\/wp\/v2\/product\/243\/revisions\/2008"}],"wp:featuredmedia":[{"embeddable":true,"href":"https:\/\/branker.co\/seleccioncreadores\/wp-json\/wp\/v2\/media\/2007"}],"wp:attachment":[{"href":"https:\/\/branker.co\/seleccioncreadores\/wp-json\/wp\/v2\/media?parent=243"}],"wp:term":[{"taxonomy":"product_cat","embeddable":true,"href":"https:\/\/branker.co\/seleccioncreadores\/wp-json\/wp\/v2\/product_cat?post=243"},{"taxonomy":"product_tag","embeddable":true,"href":"https:\/\/branker.co\/seleccioncreadores\/wp-json\/wp\/v2\/product_tag?post=243"}],"curies":[{"name":"wp","href":"https:\/\/api.w.org\/{rel}","templated":true}]}}